{"id":4293,"date":"2018-11-26T12:45:27","date_gmt":"2018-11-26T12:45:27","guid":{"rendered":"https:\/\/websitedemos.net\/alex26\/?page_id=6"},"modified":"2023-06-03T09:59:29","modified_gmt":"2023-06-03T09:59:29","slug":"home","status":"publish","type":"page","link":"https:\/\/alpenswiss.com\/en\/","title":{"rendered":"Home"},"content":{"rendered":"<div data-elementor-type=\"wp-post\" data-elementor-id=\"4293\" class=\"elementor elementor-4293\">\n\t\t\t\t\t\t<section class=\"has_eae_slider elementor-section elementor-top-section elementor-element elementor-element-5ec671b7 elementor-section-content-middle elementor-section-boxed elementor-section-height-default elementor-section-height-default\" data-eae-slider=\"42674\" data-id=\"5ec671b7\" data-element_type=\"section\" data-settings=\"{&quot;background_background&quot;:&quot;classic&quot;}\">\n\t\t\t\t\t\t\t<div class=\"elementor-background-overlay\"><\/div>\n\t\t\t\t\t\t\t<div class=\"elementor-container elementor-column-gap-no\">\n\t\t\t\t\t<div class=\"has_eae_slider elementor-column elementor-col-100 elementor-top-column elementor-element elementor-element-1ba84b9d\" data-eae-slider=\"78121\" data-id=\"1ba84b9d\" data-element_type=\"column\">\n\t\t\t<div class=\"elementor-widget-wrap elementor-element-populated\">\n\t\t\t\t\t\t<div class=\"elementor-element elementor-element-660e715a elementor-widget elementor-widget-heading\" data-id=\"660e715a\" data-element_type=\"widget\" data-widget_type=\"heading.default\">\n\t\t\t\t<div class=\"elementor-widget-container\">\n\t\t\t\t\t<h5 class=\"elementor-heading-title elementor-size-default\">Good cheese from Switzerland<\/h5>\t\t\t\t<\/div>\n\t\t\t\t<\/div>\n\t\t\t\t<div class=\"elementor-element elementor-element-63360b64 elementor-widget elementor-widget-heading\" data-id=\"63360b64\" data-element_type=\"widget\" data-widget_type=\"heading.default\">\n\t\t\t\t<div class=\"elementor-widget-container\">\n\t\t\t\t\t<h1 class=\"elementor-heading-title elementor-size-default\">Alpenswiss ag<\/h1>\t\t\t\t<\/div>\n\t\t\t\t<\/div>\n\t\t\t\t<div class=\"elementor-element elementor-element-fd55a17 elementor-align-center elementor-widget elementor-widget-button\" data-id=\"fd55a17\" data-element_type=\"widget\" data-widget_type=\"button.default\">\n\t\t\t\t<div class=\"elementor-widget-container\">\n\t\t\t\t\t\t\t\t\t<div class=\"elementor-button-wrapper\">\n\t\t\t\t\t<a class=\"elementor-button elementor-button-link elementor-size-sm\" href=\"#scroll-news\">\n\t\t\t\t\t\t<span class=\"elementor-button-content-wrapper\">\n\t\t\t\t\t\t\t\t\t<span class=\"elementor-button-text\">Learn more<\/span>\n\t\t\t\t\t<\/span>\n\t\t\t\t\t<\/a>\n\t\t\t\t<\/div>\n\t\t\t\t\t\t\t\t<\/div>\n\t\t\t\t<\/div>\n\t\t\t\t<div class=\"elementor-element elementor-element-2876fe13 elementor-view-default elementor-widget elementor-widget-icon\" data-id=\"2876fe13\" data-element_type=\"widget\" data-widget_type=\"icon.default\">\n\t\t\t\t<div class=\"elementor-widget-container\">\n\t\t\t\t\t\t\t<div class=\"elementor-icon-wrapper\">\n\t\t\t<div class=\"elementor-icon\">\n\t\t\t<i aria-hidden=\"true\" class=\"fas fa-long-arrow-alt-down\"><\/i>\t\t\t<\/div>\n\t\t<\/div>\n\t\t\t\t\t\t<\/div>\n\t\t\t\t<\/div>\n\t\t\t\t\t<\/div>\n\t\t<\/div>\n\t\t\t\t\t<\/div>\n\t\t<\/section>\n\t\t\t\t<section class=\"has_eae_slider elementor-section elementor-top-section elementor-element elementor-element-3f506a9d elementor-section-content-middle elementor-section-boxed elementor-section-height-default elementor-section-height-default\" data-eae-slider=\"75452\" data-id=\"3f506a9d\" data-element_type=\"section\" id=\"scroll-news\">\n\t\t\t\t\t\t<div class=\"elementor-container elementor-column-gap-no\">\n\t\t\t\t\t<div class=\"has_eae_slider elementor-column elementor-col-100 elementor-top-column elementor-element elementor-element-74aefa7f\" data-eae-slider=\"49776\" data-id=\"74aefa7f\" data-element_type=\"column\">\n\t\t\t<div class=\"elementor-widget-wrap elementor-element-populated\">\n\t\t\t\t\t\t<div class=\"elementor-element elementor-element-77fc2b6 elementor-position-top elementor-widget elementor-widget-image-box\" data-id=\"77fc2b6\" data-element_type=\"widget\" data-widget_type=\"image-box.default\">\n\t\t\t\t<div class=\"elementor-widget-container\">\n\t\t\t\t\t<div class=\"elementor-image-box-wrapper\"><figure class=\"elementor-image-box-img\"><img fetchpriority=\"high\" decoding=\"async\" width=\"764\" height=\"380\" src=\"https:\/\/alpenswiss.com\/wp-content\/uploads\/2019\/12\/alpenswiss_logo_150dpi.png\" class=\"attachment-full size-full wp-image-4418\" alt=\"\" srcset=\"https:\/\/alpenswiss.com\/wp-content\/uploads\/2019\/12\/alpenswiss_logo_150dpi.png 764w, https:\/\/alpenswiss.com\/wp-content\/uploads\/2019\/12\/alpenswiss_logo_150dpi-300x149.png 300w, https:\/\/alpenswiss.com\/wp-content\/uploads\/2019\/12\/alpenswiss_logo_150dpi-18x9.png 18w, https:\/\/alpenswiss.com\/wp-content\/uploads\/2019\/12\/alpenswiss_logo_150dpi-150x75.png 150w\" sizes=\"(max-width: 764px) 100vw, 764px\" \/><\/figure><div class=\"elementor-image-box-content\"><p class=\"elementor-image-box-description\">Our first homepage, selfmade, as it is the case for our cheese products.\nIt serves our customers and all interested parties as a communication platform.\n<\/p><\/div><\/div>\t\t\t\t<\/div>\n\t\t\t\t<\/div>\n\t\t\t\t\t<\/div>\n\t\t<\/div>\n\t\t\t\t\t<\/div>\n\t\t<\/section>\n\t\t\t\t<section class=\"has_eae_slider elementor-section elementor-top-section elementor-element elementor-element-137f881d elementor-section-content-middle elementor-section-boxed elementor-section-height-default elementor-section-height-default\" data-eae-slider=\"61186\" data-id=\"137f881d\" data-element_type=\"section\" data-settings=\"{&quot;background_background&quot;:&quot;classic&quot;}\">\n\t\t\t\t\t\t\t<div class=\"elementor-background-overlay\"><\/div>\n\t\t\t\t\t\t\t<div class=\"elementor-container elementor-column-gap-no\">\n\t\t\t\t\t<div class=\"has_eae_slider elementor-column elementor-col-100 elementor-top-column elementor-element elementor-element-1406fbfa\" data-eae-slider=\"42205\" data-id=\"1406fbfa\" data-element_type=\"column\">\n\t\t\t<div class=\"elementor-widget-wrap elementor-element-populated\">\n\t\t\t\t\t\t<div class=\"elementor-element elementor-element-e43dbba elementor-widget elementor-widget-text-editor\" data-id=\"e43dbba\" data-element_type=\"widget\" data-widget_type=\"text-editor.default\">\n\t\t\t\t<div class=\"elementor-widget-container\">\n\t\t\t\t\t\t\t\t\t<p><span style=\"font-weight: 400;\">We process cheeses in almost all confection forms: whole loaves, large pieces, fixed weight portions, slices, grated cheese, cheese cubes, fondue mixes, cheese preparations.<\/span><\/p>\t\t\t\t\t\t\t\t<\/div>\n\t\t\t\t<\/div>\n\t\t\t\t\t<\/div>\n\t\t<\/div>\n\t\t\t\t\t<\/div>\n\t\t<\/section>\n\t\t\t\t<section class=\"has_eae_slider elementor-section elementor-top-section elementor-element elementor-element-20b3341 elementor-section-boxed elementor-section-height-default elementor-section-height-default\" data-eae-slider=\"55365\" data-id=\"20b3341\" data-element_type=\"section\">\n\t\t\t\t\t\t<div class=\"elementor-container elementor-column-gap-no\">\n\t\t\t\t\t<div class=\"has_eae_slider elementor-column elementor-col-100 elementor-top-column elementor-element elementor-element-5c2adc32\" data-eae-slider=\"17375\" data-id=\"5c2adc32\" data-element_type=\"column\">\n\t\t\t<div class=\"elementor-widget-wrap elementor-element-populated\">\n\t\t\t\t\t\t<div class=\"elementor-element elementor-element-65072660 elementor-widget elementor-widget-heading\" data-id=\"65072660\" data-element_type=\"widget\" data-widget_type=\"heading.default\">\n\t\t\t\t<div class=\"elementor-widget-container\">\n\t\t\t\t\t<h2 class=\"elementor-heading-title elementor-size-default\">News and recommendations<\/h2>\t\t\t\t<\/div>\n\t\t\t\t<\/div>\n\t\t\t\t<section class=\"has_eae_slider elementor-section elementor-inner-section elementor-element elementor-element-53e66b7 elementor-section-boxed elementor-section-height-default elementor-section-height-default\" data-eae-slider=\"38380\" data-id=\"53e66b7\" data-element_type=\"section\">\n\t\t\t\t\t\t<div class=\"elementor-container elementor-column-gap-default\">\n\t\t\t\t\t<div class=\"has_eae_slider elementor-column elementor-col-50 elementor-inner-column elementor-element elementor-element-4d9a74e\" data-eae-slider=\"7692\" data-id=\"4d9a74e\" data-element_type=\"column\">\n\t\t\t<div class=\"elementor-widget-wrap elementor-element-populated\">\n\t\t\t\t\t\t<div class=\"elementor-element elementor-element-41b9568 elementor-widget elementor-widget-image\" data-id=\"41b9568\" data-element_type=\"widget\" data-widget_type=\"image.default\">\n\t\t\t\t<div class=\"elementor-widget-container\">\n\t\t\t\t\t\t\t\t\t\t\t\t\t\t\t<img decoding=\"async\" width=\"2362\" height=\"1453\" src=\"https:\/\/alpenswiss.com\/wp-content\/uploads\/2023\/06\/Toggenburger-Sonntagskaese-1_1-Laib.jpg\" class=\"attachment-full size-full wp-image-4850\" alt=\"\" srcset=\"https:\/\/alpenswiss.com\/wp-content\/uploads\/2023\/06\/Toggenburger-Sonntagskaese-1_1-Laib.jpg 2362w, https:\/\/alpenswiss.com\/wp-content\/uploads\/2023\/06\/Toggenburger-Sonntagskaese-1_1-Laib-300x185.jpg 300w, https:\/\/alpenswiss.com\/wp-content\/uploads\/2023\/06\/Toggenburger-Sonntagskaese-1_1-Laib-1024x630.jpg 1024w, https:\/\/alpenswiss.com\/wp-content\/uploads\/2023\/06\/Toggenburger-Sonntagskaese-1_1-Laib-768x472.jpg 768w, https:\/\/alpenswiss.com\/wp-content\/uploads\/2023\/06\/Toggenburger-Sonntagskaese-1_1-Laib-1536x945.jpg 1536w, https:\/\/alpenswiss.com\/wp-content\/uploads\/2023\/06\/Toggenburger-Sonntagskaese-1_1-Laib-2048x1260.jpg 2048w, https:\/\/alpenswiss.com\/wp-content\/uploads\/2023\/06\/Toggenburger-Sonntagskaese-1_1-Laib-18x12.jpg 18w\" sizes=\"(max-width: 2362px) 100vw, 2362px\" \/>\t\t\t\t\t\t\t\t\t\t\t\t\t\t\t<\/div>\n\t\t\t\t<\/div>\n\t\t\t\t<div class=\"elementor-element elementor-element-120f258 elementor-widget elementor-widget-text-editor\" data-id=\"120f258\" data-element_type=\"widget\" data-widget_type=\"text-editor.default\">\n\t\t\t\t<div class=\"elementor-widget-container\">\n\t\t\t\t\t\t\t\t\t<p>Unser Gewinner der DLG Goldmedaille Kategorie Hartk\u00e4se: der kr\u00e4ftig w\u00fcrzige Sonntagsk\u00e4se<\/p>\t\t\t\t\t\t\t\t<\/div>\n\t\t\t\t<\/div>\n\t\t\t\t\t<\/div>\n\t\t<\/div>\n\t\t\t\t<div class=\"has_eae_slider elementor-column elementor-col-50 elementor-inner-column elementor-element elementor-element-9804b78\" data-eae-slider=\"60894\" data-id=\"9804b78\" data-element_type=\"column\">\n\t\t\t<div class=\"elementor-widget-wrap elementor-element-populated\">\n\t\t\t\t\t\t<div class=\"elementor-element elementor-element-0fc8dd8 elementor-widget elementor-widget-image\" data-id=\"0fc8dd8\" data-element_type=\"widget\" data-widget_type=\"image.default\">\n\t\t\t\t<div class=\"elementor-widget-container\">\n\t\t\t\t\t\t\t\t\t\t\t\t\t\t\t<img decoding=\"async\" width=\"2362\" height=\"1453\" src=\"https:\/\/alpenswiss.com\/wp-content\/uploads\/2023\/06\/Toggenburger-Sonntagskaese-1_1-Laib.png\" class=\"attachment-full size-full wp-image-4853\" alt=\"\" srcset=\"https:\/\/alpenswiss.com\/wp-content\/uploads\/2023\/06\/Toggenburger-Sonntagskaese-1_1-Laib.png 2362w, https:\/\/alpenswiss.com\/wp-content\/uploads\/2023\/06\/Toggenburger-Sonntagskaese-1_1-Laib-300x185.png 300w, https:\/\/alpenswiss.com\/wp-content\/uploads\/2023\/06\/Toggenburger-Sonntagskaese-1_1-Laib-1024x630.png 1024w, https:\/\/alpenswiss.com\/wp-content\/uploads\/2023\/06\/Toggenburger-Sonntagskaese-1_1-Laib-768x472.png 768w, https:\/\/alpenswiss.com\/wp-content\/uploads\/2023\/06\/Toggenburger-Sonntagskaese-1_1-Laib-1536x945.png 1536w, https:\/\/alpenswiss.com\/wp-content\/uploads\/2023\/06\/Toggenburger-Sonntagskaese-1_1-Laib-2048x1260.png 2048w, https:\/\/alpenswiss.com\/wp-content\/uploads\/2023\/06\/Toggenburger-Sonntagskaese-1_1-Laib-18x12.png 18w\" sizes=\"(max-width: 2362px) 100vw, 2362px\" \/>\t\t\t\t\t\t\t\t\t\t\t\t\t\t\t<\/div>\n\t\t\t\t<\/div>\n\t\t\t\t<div class=\"elementor-element elementor-element-184fea4 elementor-widget elementor-widget-text-editor\" data-id=\"184fea4\" data-element_type=\"widget\" data-widget_type=\"text-editor.default\">\n\t\t\t\t<div class=\"elementor-widget-container\">\n\t\t\t\t\t\t\t\t\t<p>Unsere K\u00e4se T\u00f6pfli in der Keramik Schale \u2013 f\u00fcr die schnelle Zubereitung in eleganter Aufmachung<\/p>\t\t\t\t\t\t\t\t<\/div>\n\t\t\t\t<\/div>\n\t\t\t\t\t<\/div>\n\t\t<\/div>\n\t\t\t\t\t<\/div>\n\t\t<\/section>\n\t\t\t\t<div class=\"elementor-element elementor-element-4ae8813 elementor-align-center elementor-widget elementor-widget-button\" data-id=\"4ae8813\" data-element_type=\"widget\" data-widget_type=\"button.default\">\n\t\t\t\t<div class=\"elementor-widget-container\">\n\t\t\t\t\t\t\t\t\t<div class=\"elementor-button-wrapper\">\n\t\t\t\t\t<a class=\"elementor-button elementor-button-link elementor-size-sm\" href=\"\/en\/alpenswiss\/produkte\/\">\n\t\t\t\t\t\t<span class=\"elementor-button-content-wrapper\">\n\t\t\t\t\t\t\t\t\t<span class=\"elementor-button-text\">Learn more<\/span>\n\t\t\t\t\t<\/span>\n\t\t\t\t\t<\/a>\n\t\t\t\t<\/div>\n\t\t\t\t\t\t\t\t<\/div>\n\t\t\t\t<\/div>\n\t\t\t\t\t<\/div>\n\t\t<\/div>\n\t\t\t\t\t<\/div>\n\t\t<\/section>\n\t\t\t\t<section class=\"has_eae_slider elementor-section elementor-top-section elementor-element elementor-element-47089ec0 elementor-section-boxed elementor-section-height-default elementor-section-height-default\" data-eae-slider=\"36170\" data-id=\"47089ec0\" data-element_type=\"section\" data-settings=\"{&quot;background_background&quot;:&quot;classic&quot;}\">\n\t\t\t\t\t\t<div class=\"elementor-container elementor-column-gap-default\">\n\t\t\t\t\t<div class=\"has_eae_slider elementor-column elementor-col-25 elementor-top-column elementor-element elementor-element-299207d9\" data-eae-slider=\"89715\" data-id=\"299207d9\" data-element_type=\"column\">\n\t\t\t<div class=\"elementor-widget-wrap\">\n\t\t\t\t\t\t\t<\/div>\n\t\t<\/div>\n\t\t\t\t<div class=\"has_eae_slider elementor-column elementor-col-25 elementor-top-column elementor-element elementor-element-7114bdff\" data-eae-slider=\"97578\" data-id=\"7114bdff\" data-element_type=\"column\">\n\t\t\t<div class=\"elementor-widget-wrap elementor-element-populated\">\n\t\t\t\t\t\t<div class=\"elementor-element elementor-element-79bbe722 elementor-widget elementor-widget-heading\" data-id=\"79bbe722\" data-element_type=\"widget\" data-widget_type=\"heading.default\">\n\t\t\t\t<div class=\"elementor-widget-container\">\n\t\t\t\t\t<h3 class=\"elementor-heading-title elementor-size-default\">Get in touch<\/h3>\t\t\t\t<\/div>\n\t\t\t\t<\/div>\n\t\t\t\t\t<\/div>\n\t\t<\/div>\n\t\t\t\t<div class=\"has_eae_slider elementor-column elementor-col-25 elementor-top-column elementor-element elementor-element-f4e67d3\" data-eae-slider=\"49075\" data-id=\"f4e67d3\" data-element_type=\"column\">\n\t\t\t<div class=\"elementor-widget-wrap elementor-element-populated\">\n\t\t\t\t\t\t<div class=\"elementor-element elementor-element-2689e0d9 elementor-align-center elementor-widget elementor-widget-button\" data-id=\"2689e0d9\" data-element_type=\"widget\" data-widget_type=\"button.default\">\n\t\t\t\t<div class=\"elementor-widget-container\">\n\t\t\t\t\t\t\t\t\t<div class=\"elementor-button-wrapper\">\n\t\t\t\t\t<a class=\"elementor-button elementor-button-link elementor-size-sm\" href=\"\/en\/alpenswiss\/kontakt\/\">\n\t\t\t\t\t\t<span class=\"elementor-button-content-wrapper\">\n\t\t\t\t\t\t\t\t\t<span class=\"elementor-button-text\">Contact<\/span>\n\t\t\t\t\t<\/span>\n\t\t\t\t\t<\/a>\n\t\t\t\t<\/div>\n\t\t\t\t\t\t\t\t<\/div>\n\t\t\t\t<\/div>\n\t\t\t\t\t<\/div>\n\t\t<\/div>\n\t\t\t\t<div class=\"has_eae_slider elementor-column elementor-col-25 elementor-top-column elementor-element elementor-element-33ae479a\" data-eae-slider=\"50290\" data-id=\"33ae479a\" data-element_type=\"column\">\n\t\t\t<div class=\"elementor-widget-wrap\">\n\t\t\t\t\t\t\t<\/div>\n\t\t<\/div>\n\t\t\t\t\t<\/div>\n\t\t<\/section>\n\t\t\t\t<\/div>","protected":false},"excerpt":{"rendered":"<p>Guter K\u00e4se aus der Schweiz Alpenswiss ag Mehr Erfahren Unsere erste homepage, selbst gemacht, so wie auch unsere K\u00e4seprodukte. Sie dient unserer Kundschaft und allen Interessierten als Kommunikationsplatform. Wir verarbeiten praktisch alle K\u00e4sesorten in fast allen Konfektionsformen: Ganze Laibe, Gross-St\u00fccke, Fix-G-Portionen, Scheiben, Reibk\u00e4se, K\u00e4sew\u00fcrfel, Fonduemischungen, K\u00e4sezubereitungen. Aktuelles und Empfehlungen Unser Gewinner der DLG Goldmedaille Kategorie &hellip;<\/p>\n<p class=\"read-more\"> <a class=\"\" href=\"https:\/\/alpenswiss.com\/en\/\"> <span class=\"screen-reader-text\">Home<\/span> Read More &raquo;<\/a><\/p>","protected":false},"author":1,"featured_media":0,"parent":0,"menu_order":0,"comment_status":"closed","ping_status":"closed","template":"","meta":{"_monsterinsights_skip_tracking":false,"_monsterinsights_sitenote_active":false,"_monsterinsights_sitenote_note":"","_monsterinsights_sitenote_category":0,"site-sidebar-layout":"no-sidebar","site-content-layout":"page-builder","ast-main-header-display":"","ast-hfb-above-header-display":"","ast-hfb-below-header-display":"","ast-hfb-mobile-header-display":"","site-post-title":"disabled","ast-breadcrumbs-content":"","ast-featured-img":"disabled","footer-sml-layout":"","theme-transparent-header-meta":"enabled","adv-header-id-meta":"","stick-header-meta":"","header-above-stick-meta":"","header-main-stick-meta":"","header-below-stick-meta":"","footnotes":""},"class_list":["post-4293","page","type-page","status-publish","hentry"],"yoast_head":"<!-- This site is optimized with the Yoast SEO plugin v25.7 - https:\/\/yoast.com\/wordpress\/plugins\/seo\/ -->\n<title>Alpenswiss AG<\/title>\n<meta name=\"description\" content=\"Alpenswiss AG. Wir verarbeiten praktisch alle K\u00e4sesorten in fast allen Konfektionsformen\" \/>\n<meta name=\"robots\" content=\"index, follow, max-snippet:-1, max-image-preview:large, max-video-preview:-1\" \/>\n<link rel=\"canonical\" href=\"https:\/\/alpenswiss.com\/en\/\" \/>\n<meta property=\"og:locale\" content=\"en_US\" \/>\n<meta property=\"og:type\" content=\"article\" \/>\n<meta property=\"og:title\" content=\"Alpenswiss AG\" \/>\n<meta property=\"og:description\" content=\"Alpenswiss AG. Wir verarbeiten praktisch alle K\u00e4sesorten in fast allen Konfektionsformen\" \/>\n<meta property=\"og:url\" content=\"https:\/\/alpenswiss.com\/en\/\" \/>\n<meta property=\"og:site_name\" content=\"Alpenswiss\" \/>\n<meta property=\"article:modified_time\" content=\"2023-06-03T09:59:29+00:00\" \/>\n<meta property=\"og:image\" content=\"https:\/\/alpenswiss.com\/wp-content\/uploads\/2019\/12\/alpenswiss_logo_150dpi.png\" \/>\n<meta name=\"twitter:card\" content=\"summary_large_image\" \/>\n<meta name=\"twitter:label1\" content=\"Est. reading time\" \/>\n\t<meta name=\"twitter:data1\" content=\"2 minutes\" \/>\n<script type=\"application\/ld+json\" class=\"yoast-schema-graph\">{\"@context\":\"https:\/\/schema.org\",\"@graph\":[{\"@type\":\"WebPage\",\"@id\":\"https:\/\/alpenswiss.com\/\",\"url\":\"https:\/\/alpenswiss.com\/\",\"name\":\"Alpenswiss AG\",\"isPartOf\":{\"@id\":\"https:\/\/alpenswiss.com\/#website\"},\"primaryImageOfPage\":{\"@id\":\"https:\/\/alpenswiss.com\/#primaryimage\"},\"image\":{\"@id\":\"https:\/\/alpenswiss.com\/#primaryimage\"},\"thumbnailUrl\":\"https:\/\/alpenswiss.com\/wp-content\/uploads\/2019\/12\/alpenswiss_logo_150dpi.png\",\"datePublished\":\"2018-11-26T12:45:27+00:00\",\"dateModified\":\"2023-06-03T09:59:29+00:00\",\"description\":\"Alpenswiss AG. Wir verarbeiten praktisch alle K\u00e4sesorten in fast allen Konfektionsformen\",\"breadcrumb\":{\"@id\":\"https:\/\/alpenswiss.com\/#breadcrumb\"},\"inLanguage\":\"en-US\",\"potentialAction\":[{\"@type\":\"ReadAction\",\"target\":[\"https:\/\/alpenswiss.com\/\"]}]},{\"@type\":\"ImageObject\",\"inLanguage\":\"en-US\",\"@id\":\"https:\/\/alpenswiss.com\/#primaryimage\",\"url\":\"https:\/\/alpenswiss.com\/wp-content\/uploads\/2019\/12\/alpenswiss_logo_150dpi.png\",\"contentUrl\":\"https:\/\/alpenswiss.com\/wp-content\/uploads\/2019\/12\/alpenswiss_logo_150dpi.png\"},{\"@type\":\"BreadcrumbList\",\"@id\":\"https:\/\/alpenswiss.com\/#breadcrumb\",\"itemListElement\":[{\"@type\":\"ListItem\",\"position\":1,\"name\":\"Home\",\"item\":\"https:\/\/alpenswiss.com\/\"},{\"@type\":\"ListItem\",\"position\":2,\"name\":\"Home\"}]},{\"@type\":\"WebSite\",\"@id\":\"https:\/\/alpenswiss.com\/#website\",\"url\":\"https:\/\/alpenswiss.com\/\",\"name\":\"Alpenswiss\",\"description\":\"\",\"publisher\":{\"@id\":\"https:\/\/alpenswiss.com\/#organization\"},\"potentialAction\":[{\"@type\":\"SearchAction\",\"target\":{\"@type\":\"EntryPoint\",\"urlTemplate\":\"https:\/\/alpenswiss.com\/?s={search_term_string}\"},\"query-input\":{\"@type\":\"PropertyValueSpecification\",\"valueRequired\":true,\"valueName\":\"search_term_string\"}}],\"inLanguage\":\"en-US\"},{\"@type\":\"Organization\",\"@id\":\"https:\/\/alpenswiss.com\/#organization\",\"name\":\"Alpenswiss\",\"url\":\"https:\/\/alpenswiss.com\/\",\"logo\":{\"@type\":\"ImageObject\",\"inLanguage\":\"en-US\",\"@id\":\"https:\/\/alpenswiss.com\/#\/schema\/logo\/image\/\",\"url\":\"https:\/\/alpenswiss.com\/wp-content\/uploads\/2019\/12\/alpenswiss_logo_150dpi.png\",\"contentUrl\":\"https:\/\/alpenswiss.com\/wp-content\/uploads\/2019\/12\/alpenswiss_logo_150dpi.png\",\"width\":764,\"height\":380,\"caption\":\"Alpenswiss\"},\"image\":{\"@id\":\"https:\/\/alpenswiss.com\/#\/schema\/logo\/image\/\"}}]}<\/script>\n<!-- \/ Yoast SEO plugin. -->","yoast_head_json":{"title":"Alpenswiss AG","description":"Alpenswiss AG. Wir verarbeiten praktisch alle K\u00e4sesorten in fast allen Konfektionsformen","robots":{"index":"index","follow":"follow","max-snippet":"max-snippet:-1","max-image-preview":"max-image-preview:large","max-video-preview":"max-video-preview:-1"},"canonical":"https:\/\/alpenswiss.com\/en\/","og_locale":"en_US","og_type":"article","og_title":"Alpenswiss AG","og_description":"Alpenswiss AG. Wir verarbeiten praktisch alle K\u00e4sesorten in fast allen Konfektionsformen","og_url":"https:\/\/alpenswiss.com\/en\/","og_site_name":"Alpenswiss","article_modified_time":"2023-06-03T09:59:29+00:00","og_image":[{"url":"https:\/\/alpenswiss.com\/wp-content\/uploads\/2019\/12\/alpenswiss_logo_150dpi.png","type":"","width":"","height":""}],"twitter_card":"summary_large_image","twitter_misc":{"Est. reading time":"2 minutes"},"schema":{"@context":"https:\/\/schema.org","@graph":[{"@type":"WebPage","@id":"https:\/\/alpenswiss.com\/","url":"https:\/\/alpenswiss.com\/","name":"Alpenswiss AG","isPartOf":{"@id":"https:\/\/alpenswiss.com\/#website"},"primaryImageOfPage":{"@id":"https:\/\/alpenswiss.com\/#primaryimage"},"image":{"@id":"https:\/\/alpenswiss.com\/#primaryimage"},"thumbnailUrl":"https:\/\/alpenswiss.com\/wp-content\/uploads\/2019\/12\/alpenswiss_logo_150dpi.png","datePublished":"2018-11-26T12:45:27+00:00","dateModified":"2023-06-03T09:59:29+00:00","description":"Alpenswiss AG. Wir verarbeiten praktisch alle K\u00e4sesorten in fast allen Konfektionsformen","breadcrumb":{"@id":"https:\/\/alpenswiss.com\/#breadcrumb"},"inLanguage":"en-US","potentialAction":[{"@type":"ReadAction","target":["https:\/\/alpenswiss.com\/"]}]},{"@type":"ImageObject","inLanguage":"en-US","@id":"https:\/\/alpenswiss.com\/#primaryimage","url":"https:\/\/alpenswiss.com\/wp-content\/uploads\/2019\/12\/alpenswiss_logo_150dpi.png","contentUrl":"https:\/\/alpenswiss.com\/wp-content\/uploads\/2019\/12\/alpenswiss_logo_150dpi.png"},{"@type":"BreadcrumbList","@id":"https:\/\/alpenswiss.com\/#breadcrumb","itemListElement":[{"@type":"ListItem","position":1,"name":"Home","item":"https:\/\/alpenswiss.com\/"},{"@type":"ListItem","position":2,"name":"Home"}]},{"@type":"WebSite","@id":"https:\/\/alpenswiss.com\/#website","url":"https:\/\/alpenswiss.com\/","name":"Alpenswiss","description":"","publisher":{"@id":"https:\/\/alpenswiss.com\/#organization"},"potentialAction":[{"@type":"SearchAction","target":{"@type":"EntryPoint","urlTemplate":"https:\/\/alpenswiss.com\/?s={search_term_string}"},"query-input":{"@type":"PropertyValueSpecification","valueRequired":true,"valueName":"search_term_string"}}],"inLanguage":"en-US"},{"@type":"Organization","@id":"https:\/\/alpenswiss.com\/#organization","name":"Alpenswiss","url":"https:\/\/alpenswiss.com\/","logo":{"@type":"ImageObject","inLanguage":"en-US","@id":"https:\/\/alpenswiss.com\/#\/schema\/logo\/image\/","url":"https:\/\/alpenswiss.com\/wp-content\/uploads\/2019\/12\/alpenswiss_logo_150dpi.png","contentUrl":"https:\/\/alpenswiss.com\/wp-content\/uploads\/2019\/12\/alpenswiss_logo_150dpi.png","width":764,"height":380,"caption":"Alpenswiss"},"image":{"@id":"https:\/\/alpenswiss.com\/#\/schema\/logo\/image\/"}}]}},"_links":{"self":[{"href":"https:\/\/alpenswiss.com\/en\/wp-json\/wp\/v2\/pages\/4293","targetHints":{"allow":["GET"]}}],"collection":[{"href":"https:\/\/alpenswiss.com\/en\/wp-json\/wp\/v2\/pages"}],"about":[{"href":"https:\/\/alpenswiss.com\/en\/wp-json\/wp\/v2\/types\/page"}],"author":[{"embeddable":true,"href":"https:\/\/alpenswiss.com\/en\/wp-json\/wp\/v2\/users\/1"}],"replies":[{"embeddable":true,"href":"https:\/\/alpenswiss.com\/en\/wp-json\/wp\/v2\/comments?post=4293"}],"version-history":[{"count":17,"href":"https:\/\/alpenswiss.com\/en\/wp-json\/wp\/v2\/pages\/4293\/revisions"}],"predecessor-version":[{"id":4859,"href":"https:\/\/alpenswiss.com\/en\/wp-json\/wp\/v2\/pages\/4293\/revisions\/4859"}],"wp:attachment":[{"href":"https:\/\/alpenswiss.com\/en\/wp-json\/wp\/v2\/media?parent=4293"}],"curies":[{"name":"wp","href":"https:\/\/api.w.org\/{rel}","templated":true}]}}