{"id":4295,"date":"2018-11-26T12:46:25","date_gmt":"2018-11-26T12:46:25","guid":{"rendered":"https:\/\/websitedemos.net\/alex26\/?page_id=8"},"modified":"2020-10-28T10:26:55","modified_gmt":"2020-10-28T10:26:55","slug":"einkauf","status":"publish","type":"page","link":"https:\/\/alpenswiss.com\/en\/einkauf\/","title":{"rendered":"Purchase"},"content":{"rendered":"<div data-elementor-type=\"wp-post\" data-elementor-id=\"4295\" class=\"elementor elementor-4295\">\n\t\t\t\t\t\t<section class=\"has_eae_slider elementor-section elementor-top-section elementor-element elementor-element-39dabc18 elementor-section-content-middle elementor-section-boxed elementor-section-height-default elementor-section-height-default\" data-eae-slider=\"50117\" data-id=\"39dabc18\" data-element_type=\"section\" data-settings=\"{&quot;background_background&quot;:&quot;classic&quot;}\">\n\t\t\t\t\t\t\t<div class=\"elementor-background-overlay\"><\/div>\n\t\t\t\t\t\t\t<div class=\"elementor-container elementor-column-gap-no\">\n\t\t\t\t\t<div class=\"has_eae_slider elementor-column elementor-col-100 elementor-top-column elementor-element elementor-element-f60585f\" data-eae-slider=\"97460\" data-id=\"f60585f\" data-element_type=\"column\">\n\t\t\t<div class=\"elementor-widget-wrap elementor-element-populated\">\n\t\t\t\t\t\t<div class=\"elementor-element elementor-element-438af913 elementor-widget elementor-widget-heading\" data-id=\"438af913\" data-element_type=\"widget\" data-widget_type=\"heading.default\">\n\t\t\t\t<div class=\"elementor-widget-container\">\n\t\t\t\t\t<h1 class=\"elementor-heading-title elementor-size-default\">Supplier portal<\/h1>\t\t\t\t<\/div>\n\t\t\t\t<\/div>\n\t\t\t\t<div class=\"elementor-element elementor-element-8dc8e7d elementor-widget elementor-widget-heading\" data-id=\"8dc8e7d\" data-element_type=\"widget\" data-widget_type=\"heading.default\">\n\t\t\t\t<div class=\"elementor-widget-container\">\n\t\t\t\t\t<h2 class=\"elementor-heading-title elementor-size-default\">Purchase<\/h2>\t\t\t\t<\/div>\n\t\t\t\t<\/div>\n\t\t\t\t\t<\/div>\n\t\t<\/div>\n\t\t\t\t\t<\/div>\n\t\t<\/section>\n\t\t\t\t<section class=\"has_eae_slider elementor-section elementor-top-section elementor-element elementor-element-e160972 elementor-section-content-middle elementor-section-boxed elementor-section-height-default elementor-section-height-default\" data-eae-slider=\"93208\" data-id=\"e160972\" data-element_type=\"section\">\n\t\t\t\t\t\t<div class=\"elementor-container elementor-column-gap-no\">\n\t\t\t\t\t<div class=\"has_eae_slider elementor-column elementor-col-100 elementor-top-column elementor-element elementor-element-19602117\" data-eae-slider=\"35106\" data-id=\"19602117\" data-element_type=\"column\">\n\t\t\t<div class=\"elementor-widget-wrap elementor-element-populated\">\n\t\t\t\t\t\t<div class=\"elementor-element elementor-element-6c0e90d0 elementor-widget elementor-widget-heading\" data-id=\"6c0e90d0\" data-element_type=\"widget\" data-widget_type=\"heading.default\">\n\t\t\t\t<div class=\"elementor-widget-container\">\n\t\t\t\t\t<h2 class=\"elementor-heading-title elementor-size-default\">We are very keen to know your cheeses. \n<\/h2>\t\t\t\t<\/div>\n\t\t\t\t<\/div>\n\t\t\t\t<div class=\"elementor-element elementor-element-6a013bdb elementor-widget elementor-widget-text-editor\" data-id=\"6a013bdb\" data-element_type=\"widget\" data-widget_type=\"text-editor.default\">\n\t\t\t\t<div class=\"elementor-widget-container\">\n\t\t\t\t\t\t\t\t\t<p><span style=\"font-weight: 400;\">Our strength lies in the professional processing and export of cheese products.\u00a0\u00a0<\/span>We can also take on packaging orders for you (contract packaging - travail \u00e0 fa\u00e7on), just ask us.<\/p><p><span style=\"font-weight: 400;\">We look forward to your offers, product suggestions and the like.<\/span><\/p>\t\t\t\t\t\t\t\t<\/div>\n\t\t\t\t<\/div>\n\t\t\t\t\t<\/div>\n\t\t<\/div>\n\t\t\t\t\t<\/div>\n\t\t<\/section>\n\t\t\t\t<section class=\"has_eae_slider elementor-section elementor-top-section elementor-element elementor-element-192c21f8 elementor-section-content-middle elementor-section-boxed elementor-section-height-default elementor-section-height-default\" data-eae-slider=\"9379\" data-id=\"192c21f8\" data-element_type=\"section\" data-settings=\"{&quot;background_background&quot;:&quot;classic&quot;}\">\n\t\t\t\t\t\t<div class=\"elementor-container elementor-column-gap-no\">\n\t\t\t\t\t<div class=\"has_eae_slider elementor-column elementor-col-100 elementor-top-column elementor-element elementor-element-38d0c035\" data-eae-slider=\"66378\" data-id=\"38d0c035\" data-element_type=\"column\">\n\t\t\t<div class=\"elementor-widget-wrap elementor-element-populated\">\n\t\t\t\t\t\t<div class=\"elementor-element elementor-element-4089caaf elementor-widget elementor-widget-heading\" data-id=\"4089caaf\" data-element_type=\"widget\" data-widget_type=\"heading.default\">\n\t\t\t\t<div class=\"elementor-widget-container\">\n\t\t\t\t\t<h2 class=\"elementor-heading-title elementor-size-default\">We are continuously looking for:<\/h2>\t\t\t\t<\/div>\n\t\t\t\t<\/div>\n\t\t\t\t\t<\/div>\n\t\t<\/div>\n\t\t\t\t\t<\/div>\n\t\t<\/section>\n\t\t\t\t<section class=\"has_eae_slider elementor-section elementor-top-section elementor-element elementor-element-185e3c87 elementor-section-content-middle elementor-section-boxed elementor-section-height-default elementor-section-height-default\" data-eae-slider=\"84426\" data-id=\"185e3c87\" data-element_type=\"section\" data-settings=\"{&quot;background_background&quot;:&quot;classic&quot;}\">\n\t\t\t\t\t\t<div class=\"elementor-container elementor-column-gap-no\">\n\t\t\t\t\t<div class=\"has_eae_slider elementor-column elementor-col-100 elementor-top-column elementor-element elementor-element-3333ba71\" data-eae-slider=\"68877\" data-id=\"3333ba71\" data-element_type=\"column\">\n\t\t\t<div class=\"elementor-widget-wrap elementor-element-populated\">\n\t\t\t\t\t\t<section class=\"has_eae_slider elementor-section elementor-inner-section elementor-element elementor-element-52ab52c8 elementor-section-content-top elementor-section-boxed elementor-section-height-default elementor-section-height-default\" data-eae-slider=\"38780\" data-id=\"52ab52c8\" data-element_type=\"section\">\n\t\t\t\t\t\t\t<div class=\"elementor-background-overlay\"><\/div>\n\t\t\t\t\t\t\t<div class=\"elementor-container elementor-column-gap-no\">\n\t\t\t\t\t<div class=\"has_eae_slider elementor-column elementor-col-50 elementor-inner-column elementor-element elementor-element-32e95c43\" data-eae-slider=\"41425\" data-id=\"32e95c43\" data-element_type=\"column\">\n\t\t\t<div class=\"elementor-widget-wrap elementor-element-populated\">\n\t\t\t\t\t\t<div class=\"elementor-element elementor-element-61836ca0 elementor-widget-divider--view-line elementor-widget elementor-widget-divider\" data-id=\"61836ca0\" data-element_type=\"widget\" data-widget_type=\"divider.default\">\n\t\t\t\t<div class=\"elementor-widget-container\">\n\t\t\t\t\t\t\t<div class=\"elementor-divider\">\n\t\t\t<span class=\"elementor-divider-separator\">\n\t\t\t\t\t\t<\/span>\n\t\t<\/div>\n\t\t\t\t\t\t<\/div>\n\t\t\t\t<\/div>\n\t\t\t\t<div class=\"elementor-element elementor-element-6b60724f elementor-widget elementor-widget-heading\" data-id=\"6b60724f\" data-element_type=\"widget\" data-widget_type=\"heading.default\">\n\t\t\t\t<div class=\"elementor-widget-container\">\n\t\t\t\t\t<h4 class=\"elementor-heading-title elementor-size-default\">Emmentaler Switzerland AOP\n<\/h4>\t\t\t\t<\/div>\n\t\t\t\t<\/div>\n\t\t\t\t<div class=\"elementor-element elementor-element-4f5a5780 elementor-widget elementor-widget-text-editor\" data-id=\"4f5a5780\" data-element_type=\"widget\" data-widget_type=\"text-editor.default\">\n\t\t\t\t<div class=\"elementor-widget-container\">\n\t\t\t\t\t\t\t\t\t<p style=\"font-weight: 400;\">We try to reach a steady slow growth in this market and therefore expect your entering in contact with us when you look for new solutions.<\/p>\t\t\t\t\t\t\t\t<\/div>\n\t\t\t\t<\/div>\n\t\t\t\t<div class=\"elementor-element elementor-element-664602cb elementor-widget-divider--view-line elementor-widget elementor-widget-divider\" data-id=\"664602cb\" data-element_type=\"widget\" data-widget_type=\"divider.default\">\n\t\t\t\t<div class=\"elementor-widget-container\">\n\t\t\t\t\t\t\t<div class=\"elementor-divider\">\n\t\t\t<span class=\"elementor-divider-separator\">\n\t\t\t\t\t\t<\/span>\n\t\t<\/div>\n\t\t\t\t\t\t<\/div>\n\t\t\t\t<\/div>\n\t\t\t\t<div class=\"elementor-element elementor-element-227795dd elementor-widget elementor-widget-heading\" data-id=\"227795dd\" data-element_type=\"widget\" data-widget_type=\"heading.default\">\n\t\t\t\t<div class=\"elementor-widget-container\">\n\t\t\t\t\t<h4 class=\"elementor-heading-title elementor-size-default\">Industrial raw materials<\/h4>\t\t\t\t<\/div>\n\t\t\t\t<\/div>\n\t\t\t\t<div class=\"elementor-element elementor-element-73912781 elementor-widget elementor-widget-text-editor\" data-id=\"73912781\" data-element_type=\"widget\" data-widget_type=\"text-editor.default\">\n\t\t\t\t<div class=\"elementor-widget-container\">\n\t\t\t\t\t\t\t\t\t<p>Offer us any kind of product that you have for sale, mainly larger quantities \u2013 we have numerous applications.<\/p>\t\t\t\t\t\t\t\t<\/div>\n\t\t\t\t<\/div>\n\t\t\t\t\t<\/div>\n\t\t<\/div>\n\t\t\t\t<div class=\"has_eae_slider elementor-column elementor-col-50 elementor-inner-column elementor-element elementor-element-7144f97e\" data-eae-slider=\"37314\" data-id=\"7144f97e\" data-element_type=\"column\">\n\t\t\t<div class=\"elementor-widget-wrap elementor-element-populated\">\n\t\t\t\t\t\t<div class=\"elementor-element elementor-element-60d7905e elementor-widget-divider--view-line elementor-widget elementor-widget-divider\" data-id=\"60d7905e\" data-element_type=\"widget\" data-widget_type=\"divider.default\">\n\t\t\t\t<div class=\"elementor-widget-container\">\n\t\t\t\t\t\t\t<div class=\"elementor-divider\">\n\t\t\t<span class=\"elementor-divider-separator\">\n\t\t\t\t\t\t<\/span>\n\t\t<\/div>\n\t\t\t\t\t\t<\/div>\n\t\t\t\t<\/div>\n\t\t\t\t<div class=\"elementor-element elementor-element-406e1408 elementor-widget elementor-widget-heading\" data-id=\"406e1408\" data-element_type=\"widget\" data-widget_type=\"heading.default\">\n\t\t\t\t<div class=\"elementor-widget-container\">\n\t\t\t\t\t<h4 class=\"elementor-heading-title elementor-size-default\">Cheese specialities (mountain cheese, regional cheese)<\/h4>\t\t\t\t<\/div>\n\t\t\t\t<\/div>\n\t\t\t\t<div class=\"elementor-element elementor-element-56000fda elementor-widget elementor-widget-text-editor\" data-id=\"56000fda\" data-element_type=\"widget\" data-widget_type=\"text-editor.default\">\n\t\t\t\t<div class=\"elementor-widget-container\">\n\t\t\t\t\t\t\t\t\t<p>We constantly chase for products to enrich our assortment: innovations, regional speciality cheeses, overstock, generally interesting offers and any kind of offer.<\/p>\t\t\t\t\t\t\t\t<\/div>\n\t\t\t\t<\/div>\n\t\t\t\t<div class=\"elementor-element elementor-element-579be16e elementor-widget-divider--view-line elementor-widget elementor-widget-divider\" data-id=\"579be16e\" data-element_type=\"widget\" data-widget_type=\"divider.default\">\n\t\t\t\t<div class=\"elementor-widget-container\">\n\t\t\t\t\t\t\t<div class=\"elementor-divider\">\n\t\t\t<span class=\"elementor-divider-separator\">\n\t\t\t\t\t\t<\/span>\n\t\t<\/div>\n\t\t\t\t\t\t<\/div>\n\t\t\t\t<\/div>\n\t\t\t\t<div class=\"elementor-element elementor-element-2d19f61b elementor-widget elementor-widget-heading\" data-id=\"2d19f61b\" data-element_type=\"widget\" data-widget_type=\"heading.default\">\n\t\t\t\t<div class=\"elementor-widget-container\">\n\t\t\t\t\t<h4 class=\"elementor-heading-title elementor-size-default\">Machines, packaging material, advertising material and offers of all kind.\n<\/h4>\t\t\t\t<\/div>\n\t\t\t\t<\/div>\n\t\t\t\t<div class=\"elementor-element elementor-element-63b7d96 elementor-widget elementor-widget-text-editor\" data-id=\"63b7d96\" data-element_type=\"widget\" data-widget_type=\"text-editor.default\">\n\t\t\t\t<div class=\"elementor-widget-container\">\n\t\t\t\t\t\t\t\t\t<p style=\"font-weight: 400;\">Suppliers of those categories are always welcome to offer their products to us, especially when you have innovative solutions to present.<\/p>\t\t\t\t\t\t\t\t<\/div>\n\t\t\t\t<\/div>\n\t\t\t\t\t<\/div>\n\t\t<\/div>\n\t\t\t\t\t<\/div>\n\t\t<\/section>\n\t\t\t\t\t<\/div>\n\t\t<\/div>\n\t\t\t\t\t<\/div>\n\t\t<\/section>\n\t\t\t\t<\/div>","protected":false},"excerpt":{"rendered":"<p>Lieferantenportal Einkauf Wir sind interessiert, neue Lieferanten und ihre Sortimente kennen zu lernen. Unsere St\u00e4rke liegt in der fachgerechten Verarbeitung und dem Export von K\u00e4seprodukten.&nbsp;&nbsp;Ebenso k\u00f6nnen wir f\u00fcr Sie Verpackungsauftr\u00e4ge \u00fcbernehmen (Lohnverpackung &#8211; travail \u00e0 fa\u00e7on), fragen Sie einfach an. Wir freuen uns auf Ihre Angebote, Produktvorschl\u00e4ge und dergleichen. Wir suchen Laufend: Emmentaler Switzerland AOP &hellip;<\/p>\n<p class=\"read-more\"> <a class=\"\" href=\"https:\/\/alpenswiss.com\/en\/einkauf\/\"> <span class=\"screen-reader-text\">Purchase<\/span> Read More &raquo;<\/a><\/p>","protected":false},"author":1,"featured_media":0,"parent":0,"menu_order":0,"comment_status":"closed","ping_status":"closed","template":"","meta":{"_monsterinsights_skip_tracking":false,"_monsterinsights_sitenote_active":false,"_monsterinsights_sitenote_note":"","_monsterinsights_sitenote_category":0,"site-sidebar-layout":"no-sidebar","site-content-layout":"page-builder","ast-main-header-display":"","ast-hfb-above-header-display":"","ast-hfb-below-header-display":"","ast-hfb-mobile-header-display":"","site-post-title":"disabled","ast-breadcrumbs-content":"","ast-featured-img":"disabled","footer-sml-layout":"","theme-transparent-header-meta":"enabled","adv-header-id-meta":"","stick-header-meta":"","header-above-stick-meta":"","header-main-stick-meta":"","header-below-stick-meta":"","footnotes":""},"class_list":["post-4295","page","type-page","status-publish","hentry"],"yoast_head":"<!-- This site is optimized with the Yoast SEO plugin v25.7 - https:\/\/yoast.com\/wordpress\/plugins\/seo\/ -->\n<title>Einkauf - Alpenswiss<\/title>\n<meta name=\"robots\" content=\"index, follow, max-snippet:-1, max-image-preview:large, max-video-preview:-1\" \/>\n<link rel=\"canonical\" href=\"https:\/\/alpenswiss.com\/en\/einkauf\/\" \/>\n<meta property=\"og:locale\" content=\"en_US\" \/>\n<meta property=\"og:type\" content=\"article\" \/>\n<meta property=\"og:title\" content=\"Einkauf - Alpenswiss\" \/>\n<meta property=\"og:description\" content=\"Lieferantenportal Einkauf Wir sind interessiert, neue Lieferanten und ihre Sortimente kennen zu lernen. Unsere St\u00e4rke liegt in der fachgerechten Verarbeitung und dem Export von K\u00e4seprodukten.&nbsp;&nbsp;Ebenso k\u00f6nnen wir f\u00fcr Sie Verpackungsauftr\u00e4ge \u00fcbernehmen (Lohnverpackung &#8211; travail \u00e0 fa\u00e7on), fragen Sie einfach an. Wir freuen uns auf Ihre Angebote, Produktvorschl\u00e4ge und dergleichen. Wir suchen Laufend: Emmentaler Switzerland AOP &hellip; Einkauf Read More &raquo;\" \/>\n<meta property=\"og:url\" content=\"https:\/\/alpenswiss.com\/en\/einkauf\/\" \/>\n<meta property=\"og:site_name\" content=\"Alpenswiss\" \/>\n<meta property=\"article:modified_time\" content=\"2020-10-28T10:26:55+00:00\" \/>\n<meta name=\"twitter:card\" content=\"summary_large_image\" \/>\n<meta name=\"twitter:label1\" content=\"Est. reading time\" \/>\n\t<meta name=\"twitter:data1\" content=\"1 minute\" \/>\n<script type=\"application\/ld+json\" class=\"yoast-schema-graph\">{\"@context\":\"https:\/\/schema.org\",\"@graph\":[{\"@type\":\"WebPage\",\"@id\":\"https:\/\/alpenswiss.com\/einkauf\/\",\"url\":\"https:\/\/alpenswiss.com\/einkauf\/\",\"name\":\"Einkauf - Alpenswiss\",\"isPartOf\":{\"@id\":\"https:\/\/alpenswiss.com\/#website\"},\"datePublished\":\"2018-11-26T12:46:25+00:00\",\"dateModified\":\"2020-10-28T10:26:55+00:00\",\"breadcrumb\":{\"@id\":\"https:\/\/alpenswiss.com\/einkauf\/#breadcrumb\"},\"inLanguage\":\"en-US\",\"potentialAction\":[{\"@type\":\"ReadAction\",\"target\":[\"https:\/\/alpenswiss.com\/einkauf\/\"]}]},{\"@type\":\"BreadcrumbList\",\"@id\":\"https:\/\/alpenswiss.com\/einkauf\/#breadcrumb\",\"itemListElement\":[{\"@type\":\"ListItem\",\"position\":1,\"name\":\"Home\",\"item\":\"https:\/\/alpenswiss.com\/\"},{\"@type\":\"ListItem\",\"position\":2,\"name\":\"Einkauf\"}]},{\"@type\":\"WebSite\",\"@id\":\"https:\/\/alpenswiss.com\/#website\",\"url\":\"https:\/\/alpenswiss.com\/\",\"name\":\"Alpenswiss\",\"description\":\"\",\"publisher\":{\"@id\":\"https:\/\/alpenswiss.com\/#organization\"},\"potentialAction\":[{\"@type\":\"SearchAction\",\"target\":{\"@type\":\"EntryPoint\",\"urlTemplate\":\"https:\/\/alpenswiss.com\/?s={search_term_string}\"},\"query-input\":{\"@type\":\"PropertyValueSpecification\",\"valueRequired\":true,\"valueName\":\"search_term_string\"}}],\"inLanguage\":\"en-US\"},{\"@type\":\"Organization\",\"@id\":\"https:\/\/alpenswiss.com\/#organization\",\"name\":\"Alpenswiss\",\"url\":\"https:\/\/alpenswiss.com\/\",\"logo\":{\"@type\":\"ImageObject\",\"inLanguage\":\"en-US\",\"@id\":\"https:\/\/alpenswiss.com\/#\/schema\/logo\/image\/\",\"url\":\"https:\/\/alpenswiss.com\/wp-content\/uploads\/2019\/12\/alpenswiss_logo_150dpi.png\",\"contentUrl\":\"https:\/\/alpenswiss.com\/wp-content\/uploads\/2019\/12\/alpenswiss_logo_150dpi.png\",\"width\":764,\"height\":380,\"caption\":\"Alpenswiss\"},\"image\":{\"@id\":\"https:\/\/alpenswiss.com\/#\/schema\/logo\/image\/\"}}]}<\/script>\n<!-- \/ Yoast SEO plugin. -->","yoast_head_json":{"title":"Einkauf - Alpenswiss","robots":{"index":"index","follow":"follow","max-snippet":"max-snippet:-1","max-image-preview":"max-image-preview:large","max-video-preview":"max-video-preview:-1"},"canonical":"https:\/\/alpenswiss.com\/en\/einkauf\/","og_locale":"en_US","og_type":"article","og_title":"Einkauf - Alpenswiss","og_description":"Lieferantenportal Einkauf Wir sind interessiert, neue Lieferanten und ihre Sortimente kennen zu lernen. Unsere St\u00e4rke liegt in der fachgerechten Verarbeitung und dem Export von K\u00e4seprodukten.&nbsp;&nbsp;Ebenso k\u00f6nnen wir f\u00fcr Sie Verpackungsauftr\u00e4ge \u00fcbernehmen (Lohnverpackung &#8211; travail \u00e0 fa\u00e7on), fragen Sie einfach an. Wir freuen uns auf Ihre Angebote, Produktvorschl\u00e4ge und dergleichen. Wir suchen Laufend: Emmentaler Switzerland AOP &hellip; Einkauf Read More &raquo;","og_url":"https:\/\/alpenswiss.com\/en\/einkauf\/","og_site_name":"Alpenswiss","article_modified_time":"2020-10-28T10:26:55+00:00","twitter_card":"summary_large_image","twitter_misc":{"Est. reading time":"1 minute"},"schema":{"@context":"https:\/\/schema.org","@graph":[{"@type":"WebPage","@id":"https:\/\/alpenswiss.com\/einkauf\/","url":"https:\/\/alpenswiss.com\/einkauf\/","name":"Einkauf - Alpenswiss","isPartOf":{"@id":"https:\/\/alpenswiss.com\/#website"},"datePublished":"2018-11-26T12:46:25+00:00","dateModified":"2020-10-28T10:26:55+00:00","breadcrumb":{"@id":"https:\/\/alpenswiss.com\/einkauf\/#breadcrumb"},"inLanguage":"en-US","potentialAction":[{"@type":"ReadAction","target":["https:\/\/alpenswiss.com\/einkauf\/"]}]},{"@type":"BreadcrumbList","@id":"https:\/\/alpenswiss.com\/einkauf\/#breadcrumb","itemListElement":[{"@type":"ListItem","position":1,"name":"Home","item":"https:\/\/alpenswiss.com\/"},{"@type":"ListItem","position":2,"name":"Einkauf"}]},{"@type":"WebSite","@id":"https:\/\/alpenswiss.com\/#website","url":"https:\/\/alpenswiss.com\/","name":"Alpenswiss","description":"","publisher":{"@id":"https:\/\/alpenswiss.com\/#organization"},"potentialAction":[{"@type":"SearchAction","target":{"@type":"EntryPoint","urlTemplate":"https:\/\/alpenswiss.com\/?s={search_term_string}"},"query-input":{"@type":"PropertyValueSpecification","valueRequired":true,"valueName":"search_term_string"}}],"inLanguage":"en-US"},{"@type":"Organization","@id":"https:\/\/alpenswiss.com\/#organization","name":"Alpenswiss","url":"https:\/\/alpenswiss.com\/","logo":{"@type":"ImageObject","inLanguage":"en-US","@id":"https:\/\/alpenswiss.com\/#\/schema\/logo\/image\/","url":"https:\/\/alpenswiss.com\/wp-content\/uploads\/2019\/12\/alpenswiss_logo_150dpi.png","contentUrl":"https:\/\/alpenswiss.com\/wp-content\/uploads\/2019\/12\/alpenswiss_logo_150dpi.png","width":764,"height":380,"caption":"Alpenswiss"},"image":{"@id":"https:\/\/alpenswiss.com\/#\/schema\/logo\/image\/"}}]}},"_links":{"self":[{"href":"https:\/\/alpenswiss.com\/en\/wp-json\/wp\/v2\/pages\/4295","targetHints":{"allow":["GET"]}}],"collection":[{"href":"https:\/\/alpenswiss.com\/en\/wp-json\/wp\/v2\/pages"}],"about":[{"href":"https:\/\/alpenswiss.com\/en\/wp-json\/wp\/v2\/types\/page"}],"author":[{"embeddable":true,"href":"https:\/\/alpenswiss.com\/en\/wp-json\/wp\/v2\/users\/1"}],"replies":[{"embeddable":true,"href":"https:\/\/alpenswiss.com\/en\/wp-json\/wp\/v2\/comments?post=4295"}],"version-history":[{"count":6,"href":"https:\/\/alpenswiss.com\/en\/wp-json\/wp\/v2\/pages\/4295\/revisions"}],"predecessor-version":[{"id":4821,"href":"https:\/\/alpenswiss.com\/en\/wp-json\/wp\/v2\/pages\/4295\/revisions\/4821"}],"wp:attachment":[{"href":"https:\/\/alpenswiss.com\/en\/wp-json\/wp\/v2\/media?parent=4295"}],"curies":[{"name":"wp","href":"https:\/\/api.w.org\/{rel}","templated":true}]}}